{"id":149,"date":"2018-12-20T17:14:54","date_gmt":"2018-12-20T14:14:54","guid":{"rendered":"http:\/\/damlaetiketnet.furkanakten.com.tr\/?page_id=149"},"modified":"2024-10-27T18:08:29","modified_gmt":"2024-10-27T15:08:29","slug":"urunlerimiz","status":"publish","type":"page","link":"https:\/\/damlaetiket.net\/index.php\/urunlerimiz\/","title":{"rendered":"\u00dcR\u00dcNLER\u0130M\u0130Z"},"content":{"rendered":"\n\n\n\n\nngg_shortcode_0_placeholder\n","protected":false},"excerpt":{"rendered":"","protected":false},"author":1,"featured_media":0,"parent":0,"menu_order":0,"comment_status":"closed","ping_status":"closed","template":"","meta":{"ngg_post_thumbnail":0,"footnotes":""},"class_list":["post-149","page","type-page","status-publish","hentry"],"_links":{"self":[{"href":"https:\/\/damlaetiket.net\/index.php\/wp-json\/wp\/v2\/pages\/149","targetHints":{"allow":["GET"]}}],"collection":[{"href":"https:\/\/damlaetiket.net\/index.php\/wp-json\/wp\/v2\/pages"}],"about":[{"href":"https:\/\/damlaetiket.net\/index.php\/wp-json\/wp\/v2\/types\/page"}],"author":[{"embeddable":true,"href":"https:\/\/damlaetiket.net\/index.php\/wp-json\/wp\/v2\/users\/1"}],"replies":[{"embeddable":true,"href":"https:\/\/damlaetiket.net\/index.php\/wp-json\/wp\/v2\/comments?post=149"}],"version-history":[{"count":6,"href":"https:\/\/damlaetiket.net\/index.php\/wp-json\/wp\/v2\/pages\/149\/revisions"}],"predecessor-version":[{"id":367,"href":"https:\/\/damlaetiket.net\/index.php\/wp-json\/wp\/v2\/pages\/149\/revisions\/367"}],"wp:attachment":[{"href":"https:\/\/damlaetiket.net\/index.php\/wp-json\/wp\/v2\/media?parent=149"}],"curies":[{"name":"wp","href":"https:\/\/api.w.org\/{rel}","templated":true}]}}