{"id":22,"date":"2018-12-17T00:02:19","date_gmt":"2018-12-16T21:02:19","guid":{"rendered":"http:\/\/damlaetiketnet.furkanakten.com.tr\/?page_id=22"},"modified":"2025-04-16T17:09:43","modified_gmt":"2025-04-16T14:09:43","slug":"hakkimizda","status":"publish","type":"page","link":"https:\/\/damlaetiket.net\/index.php\/hakkimizda\/","title":{"rendered":"HAKKIMIZDA"},"content":{"rendered":"\n\n\n\n\n<p><\/p>\n\n\n\n<p>Kuruldu\u011fundan bug\u00fcne, teknolojik s\u0131n\u0131rlar\u0131 zorlayarak, kaliteli \u00fcr\u00fcnleri ekonomik fiyatlarla sunmaya \u00e7al\u0131\u015fan firmam\u0131z, s\u0131rad\u0131\u015f\u0131 reklam fikirleriyle de m\u00fc\u015fterilerinin tan\u0131t\u0131mlar\u0131nda etkin rol oynam\u0131\u015ft\u0131r.<\/p>\n\n\n\n<p>Firmam\u0131z, kendi alan\u0131nda uzman teknik ekibiyle, internet \u00fczerinden sat\u0131\u015f servisini de hizmete sokarak, teknolojiden maksimum fayda elde etmeyi ama\u00e7lamaktad\u0131r. Kolayl\u0131k prensibi \u00fczerine kurulan altyap\u0131s\u0131yla \u201ch\u0131zl\u0131\u201d ve \u201ckaliteli\u201d hizmet alabilece\u011finiz geleneksel matbaa s\u00fcre\u00e7lerinin sebep oldu\u011fu zaman ve para kayb\u0131n\u0131 ortadan kald\u0131r\u0131yoruz. Verdi\u011finiz sipari\u015fleri son teknolojiye sahip makinelerle \u00fcretip T\u00fcrkiye\u2019nin neresinde olursan\u0131z olun \u201ctam zaman\u0131nda\u201d size teslim ediyoruz.<\/p>\n\n\n\n<p class=\"has-medium-font-size\">\u0130LKELER\u0130M\u0130Z<\/p>\n\n\n\n<p>\ud83d\udd38 <strong>%100 M\u00dc\u015eTER\u0130 MEMNUN\u0130YET\u0130<\/strong><br>Bizim i\u00e7in en \u00f6nemli de\u011fer m\u00fc\u015fterilerimizi memnun etmektir.<\/p>\n\n\n\n<p>\ud83d\udd38 <strong>KAL\u0130TEL\u0130 BASKI<\/strong><br>Kaliteye \u00f6nem veriyoruz! \u00dcst d\u00fczey makine parkurumuzla kaliteli bask\u0131 hizmeti veriyoruz.<\/p>\n\n\n\n<p>\ud83d\udd38 <strong>\u00c7\u00d6Z\u00dcM ODAKLI BASKI<\/strong><br>\u0130\u015fimizi seviyoruz! En zor i\u015fleriniz i\u00e7in profesyonel \u00e7\u00f6z\u00fcmler, farkl\u0131 se\u00e7enekler sunuyoruz.<\/p>\n\n\n\n<p>\ud83d\udd38 <strong>HIZLI BASKI<\/strong><br>H\u0131za \u00f6nem veriyoruz! Uzman kadromuzla h\u0131zl\u0131 teslimat ilkesi ile \u00e7al\u0131\u015f\u0131yoruz.<\/p>\n\n\n\n<p>\ud83d\udd38 <strong>EKONOM\u0130K BASKI<\/strong><br>Uygun fiyat politikam\u0131zla sekt\u00f6r\u00fcn en ekonomik bask\u0131 merkezi olmay\u0131 hak ediyoruz.<\/p>\n\n\n\n<p>\ud83d\udd38 <strong>B\u00dcY\u00dcK EBAT BASKI<\/strong><br>Poster bask\u0131s\u0131, folyo bask\u0131s\u0131, forex ve laminasyon hizmetimizle b\u00fcy\u00fck ebat dijital bask\u0131da da var\u0131z.<br><\/p>\n","protected":false},"excerpt":{"rendered":"<p>Kuruldu\u011fundan bug\u00fcne, teknolojik s\u0131n\u0131rlar\u0131 zorlayarak, kaliteli \u00fcr\u00fcnleri ekonomik fiyatlarla sunmaya \u00e7al\u0131\u015fan firmam\u0131z, s\u0131rad\u0131\u015f\u0131 reklam fikirleriyle de m\u00fc\u015fterilerinin tan\u0131t\u0131mlar\u0131nda etkin rol oynam\u0131\u015ft\u0131r. Firmam\u0131z, kendi alan\u0131nda uzman teknik ekibiyle, internet \u00fczerinden sat\u0131\u015f servisini de hizmete sokarak, teknolojiden maksimum fayda elde etmeyi ama\u00e7lamaktad\u0131r. Kolayl\u0131k prensibi \u00fczerine kurulan altyap\u0131s\u0131yla \u201ch\u0131zl\u0131\u201d ve \u201ckaliteli\u201d hizmet alabilece\u011finiz geleneksel matbaa s\u00fcre\u00e7lerinin sebep oldu\u011fu [&hellip;]<\/p>\n","protected":false},"author":1,"featured_media":0,"parent":0,"menu_order":0,"comment_status":"closed","ping_status":"closed","template":"","meta":{"ngg_post_thumbnail":0,"footnotes":""},"class_list":["post-22","page","type-page","status-publish","hentry"],"_links":{"self":[{"href":"https:\/\/damlaetiket.net\/index.php\/wp-json\/wp\/v2\/pages\/22","targetHints":{"allow":["GET"]}}],"collection":[{"href":"https:\/\/damlaetiket.net\/index.php\/wp-json\/wp\/v2\/pages"}],"about":[{"href":"https:\/\/damlaetiket.net\/index.php\/wp-json\/wp\/v2\/types\/page"}],"author":[{"embeddable":true,"href":"https:\/\/damlaetiket.net\/index.php\/wp-json\/wp\/v2\/users\/1"}],"replies":[{"embeddable":true,"href":"https:\/\/damlaetiket.net\/index.php\/wp-json\/wp\/v2\/comments?post=22"}],"version-history":[{"count":11,"href":"https:\/\/damlaetiket.net\/index.php\/wp-json\/wp\/v2\/pages\/22\/revisions"}],"predecessor-version":[{"id":373,"href":"https:\/\/damlaetiket.net\/index.php\/wp-json\/wp\/v2\/pages\/22\/revisions\/373"}],"wp:attachment":[{"href":"https:\/\/damlaetiket.net\/index.php\/wp-json\/wp\/v2\/media?parent=22"}],"curies":[{"name":"wp","href":"https:\/\/api.w.org\/{rel}","templated":true}]}}